{"id":1373190,"date":"2023-06-13T09:12:13","date_gmt":"2023-06-13T07:12:13","guid":{"rendered":"https:\/\/dnaera.com\/cs\/?post_type=product&#038;p=1373190"},"modified":"2023-08-31T14:49:25","modified_gmt":"2023-08-31T12:49:25","slug":"productivity-rozsireni","status":"publish","type":"product","link":"https:\/\/dnaera.com\/cs\/produkt\/productivity-rozsireni\/","title":{"rendered":"Productivity roz\u0161\u00ed\u0159en\u00ed"},"content":{"rendered":"","protected":false},"excerpt":{"rendered":"<p>D\u00edky tomuto roz\u0161\u00ed\u0159en\u00ed z\u00edsk\u00e1te 12 nov\u00fdch v\u00fdsledk\u016f, kter\u00e9 jsou zam\u011b\u0159eny na vlastnosti spojen\u00e9 se sp\u00e1nkem, pam\u011bt\u00ed, dlouhov\u011bkost\u00ed nebo inteligenc\u00ed.<\/p>\n","protected":false},"featured_media":1373197,"template":"","meta":{"_acf_changed":false,"content-type":"","inline_featured_image":false},"product_brand":[],"product_cat":[94],"product_tag":[91],"class_list":{"0":"post-1373190","1":"product","2":"type-product","3":"status-publish","4":"has-post-thumbnail","6":"product_cat-extension","7":"product_tag-migracia-2022","9":"first","10":"instock","11":"virtual","12":"taxable","13":"purchasable","14":"product-type-simple"},"acf":[],"_links":{"self":[{"href":"https:\/\/dnaera.com\/cs\/wp-json\/wp\/v2\/product\/1373190","targetHints":{"allow":["GET"]}}],"collection":[{"href":"https:\/\/dnaera.com\/cs\/wp-json\/wp\/v2\/product"}],"about":[{"href":"https:\/\/dnaera.com\/cs\/wp-json\/wp\/v2\/types\/product"}],"version-history":[{"count":2,"href":"https:\/\/dnaera.com\/cs\/wp-json\/wp\/v2\/product\/1373190\/revisions"}],"predecessor-version":[{"id":1373561,"href":"https:\/\/dnaera.com\/cs\/wp-json\/wp\/v2\/product\/1373190\/revisions\/1373561"}],"wp:featuredmedia":[{"embeddable":true,"href":"https:\/\/dnaera.com\/cs\/wp-json\/wp\/v2\/media\/1373197"}],"wp:attachment":[{"href":"https:\/\/dnaera.com\/cs\/wp-json\/wp\/v2\/media?parent=1373190"}],"wp:term":[{"taxonomy":"product_brand","embeddable":true,"href":"https:\/\/dnaera.com\/cs\/wp-json\/wp\/v2\/product_brand?post=1373190"},{"taxonomy":"product_cat","embeddable":true,"href":"https:\/\/dnaera.com\/cs\/wp-json\/wp\/v2\/product_cat?post=1373190"},{"taxonomy":"product_tag","embeddable":true,"href":"https:\/\/dnaera.com\/cs\/wp-json\/wp\/v2\/product_tag?post=1373190"}],"curies":[{"name":"wp","href":"https:\/\/api.w.org\/{rel}","templated":true}]}}