{"id":1375747,"date":"2024-03-06T17:15:44","date_gmt":"2024-03-06T16:15:44","guid":{"rendered":"https:\/\/dnaera.com\/cs\/?page_id=1375747"},"modified":"2025-03-21T11:06:51","modified_gmt":"2025-03-21T10:06:51","slug":"cookies-policy","status":"publish","type":"page","link":"https:\/\/dnaera.com\/cs\/cookies-policy\/","title":{"rendered":"Cookies policy"},"content":{"rendered":"\t\t<div data-elementor-type=\"wp-page\" data-elementor-id=\"1375747\" class=\"elementor elementor-1375747\" data-elementor-post-type=\"page\">\n\t\t\t\t\t\t<section class=\"elementor-section elementor-top-section elementor-element elementor-element-15696e9 elementor-section-boxed elementor-section-height-default elementor-section-height-default\" data-id=\"15696e9\" data-element_type=\"section\">\n\t\t\t\t\t\t<div class=\"elementor-container elementor-column-gap-default\">\n\t\t\t\t\t<div class=\"elementor-column elementor-col-100 elementor-top-column elementor-element elementor-element-993892f\" data-id=\"993892f\" data-element_type=\"column\">\n\t\t\t<div class=\"elementor-widget-wrap elementor-element-populated\">\n\t\t\t\t\t\t<div class=\"elementor-element elementor-element-a569d25 elementor-widget elementor-widget-heading\" data-id=\"a569d25\" data-element_type=\"widget\" data-widget_type=\"heading.default\">\n\t\t\t\t<div class=\"elementor-widget-container\">\n\t\t\t\t\t<h1 class=\"elementor-heading-title elementor-size-default\">Cookies policy<\/h1>\t\t\t\t<\/div>\n\t\t\t\t<\/div>\n\t\t\t\t<div class=\"elementor-element elementor-element-5330b2d elementor-widget elementor-widget-heading\" data-id=\"5330b2d\" data-element_type=\"widget\" data-widget_type=\"heading.default\">\n\t\t\t\t<div class=\"elementor-widget-container\">\n\t\t\t\t\t<h2 class=\"elementor-heading-title elementor-size-default\">S\u00fabory cookies<\/h2>\t\t\t\t<\/div>\n\t\t\t\t<\/div>\n\t\t\t\t<div class=\"elementor-element elementor-element-bd38e49 elementor-widget elementor-widget-text-editor\" data-id=\"bd38e49\" data-element_type=\"widget\" data-widget_type=\"text-editor.default\">\n\t\t\t\t<div class=\"elementor-widget-container\">\n\t\t\t\t\t\t\t\t\t<p>S cie\u013eom zabezpe\u010di\u0165 riadne fungovanie tejto webovej str\u00e1nky <a href=\"https:\/\/www.dnaera.com\/cs\">www.dnaera.com\/cs\/<\/a> (\u010falej len \u201c<strong>webov\u00e1 str\u00e1nka<\/strong>\u201d) uklad\u00e1me niekedy na va\u0161om zariaden\u00ed mal\u00e9 d\u00e1tov\u00e9 s\u00fabory, tzv. cookies.<\/p>\t\t\t\t\t\t\t\t<\/div>\n\t\t\t\t<\/div>\n\t\t\t\t<div class=\"elementor-element elementor-element-d789767 elementor-widget elementor-widget-heading\" data-id=\"d789767\" data-element_type=\"widget\" data-widget_type=\"heading.default\">\n\t\t\t\t<div class=\"elementor-widget-container\">\n\t\t\t\t\t<h2 class=\"elementor-heading-title elementor-size-default\">\u010co s\u00fa s\u00fabory cookies?<\/h2>\t\t\t\t<\/div>\n\t\t\t\t<\/div>\n\t\t\t\t<div class=\"elementor-element elementor-element-ced6434 elementor-widget elementor-widget-text-editor\" data-id=\"ced6434\" data-element_type=\"widget\" data-widget_type=\"text-editor.default\">\n\t\t\t\t<div class=\"elementor-widget-container\">\n\t\t\t\t\t\t\t\t\t<p>S\u00fabor cookie je mal\u00fd textov\u00fd s\u00fabor, ktor\u00fd webov\u00e1 str\u00e1nka uklad\u00e1 vo va\u0161om po\u010d\u00edta\u010di alebo mobilnom zariaden\u00ed pri jej prehliadan\u00ed. V\u010faka tomuto s\u00faboru si webov\u00e1 str\u00e1nka na ur\u010dit\u00fd \u010das uchov\u00e1va inform\u00e1cie o va\u0161ich krokoch a preferenci\u00e1ch, tak\u017ee ich pri \u010fal\u0161ej n\u00e1v\u0161teve alebo prehliadan\u00ed jej jednotliv\u00fdch str\u00e1nok nemus\u00edte op\u00e4tovne uv\u00e1dza\u0165.<\/p>\t\t\t\t\t\t\t\t<\/div>\n\t\t\t\t<\/div>\n\t\t\t\t<div class=\"elementor-element elementor-element-ea94ebe elementor-widget elementor-widget-heading\" data-id=\"ea94ebe\" data-element_type=\"widget\" data-widget_type=\"heading.default\">\n\t\t\t\t<div class=\"elementor-widget-container\">\n\t\t\t\t\t<h2 class=\"elementor-heading-title elementor-size-default\">Ak\u00e9 cookies pou\u017e\u00edvame?\n<\/h2>\t\t\t\t<\/div>\n\t\t\t\t<\/div>\n\t\t\t\t<div class=\"elementor-element elementor-element-144c3c6 elementor-widget elementor-widget-text-editor\" data-id=\"144c3c6\" data-element_type=\"widget\" data-widget_type=\"text-editor.default\">\n\t\t\t\t<div class=\"elementor-widget-container\">\n\t\t\t\t\t\t\t\t\t<p><span style=\"font-weight: 400\">Nevyhnutn\u00e9 (funk\u010dn\u00e9) cookies<\/span><\/p><ul><li style=\"font-weight: 400\"><i><span style=\"font-weight: 400\">Cookies Consent<\/span><\/i><span style=\"font-weight: 400\"> &#8211; \u00fa\u010delom je uchov\u00e1vanie s\u00fahlasu pou\u017e\u00edvate\u013ea pre na\u0161u webov\u00fa str\u00e1nku (exspir\u00e1cia 12 mesiacov od udelenia).<\/span><\/li><\/ul><p><span style=\"font-weight: 400\">Analytick\u00e9 a marketingov\u00e9 cookies<\/span><\/p><ul><li style=\"font-weight: 400\"><i><span style=\"font-weight: 400\">Google Analytics &amp; Google AdWords <\/span><\/i><span style=\"font-weight: 400\">&#8211; \u00fa\u010delom je zhroma\u017e\u010fovanie \u00fadajov o po\u010dte n\u00e1v\u0161tevn\u00edkov webovej str\u00e1nky, d\u00e1tumu prvej n\u00e1v\u0161tevy, d\u00e1tumu najnov\u0161ej n\u00e1v\u0161tevy, a z\u00edskavanie anonymizovan\u00fdch \u0161tatistick\u00fdch \u00fadajov o pou\u017e\u00edvan\u00ed webovej str\u00e1nky (exspir\u00e1cia 24 mesiacov od udelenia).<\/span><\/li><li style=\"font-weight: 400\"><i><span style=\"font-weight: 400\">Google Tag Manager<\/span><\/i><span style=\"font-weight: 400\"> &#8211; \u00fa\u010delom je zhroma\u017e\u010fovanie d\u00e1t za \u00fa\u010delom anal\u00fdzy n\u00e1v\u0161tevnosti a marketingovej optimaliz\u00e1cie (exspir\u00e1cia 24 mesiacov od udelenia).<\/span><\/li><li style=\"font-weight: 400\"><i><span style=\"font-weight: 400\">Facebook Pixel<\/span><\/i><span style=\"font-weight: 400\"> &#8211; \u00fa\u010delom je identifik\u00e1cie v r\u00e1mci reklamnej siete Facebook, op\u00e4tovn\u00e9 cielenie reklamy na z\u00e1klade akcie pou\u017e\u00edvate\u013ea (tzv. remarketing; exspir\u00e1cia 24 mesiacov od udelenia).<\/span><\/li><li style=\"font-weight: 400\"><i><span style=\"font-weight: 400\">Hotjar <\/span><\/i><span style=\"font-weight: 400\">&#8211; \u00fa\u010delom je zhroma\u017e\u010fovanie \u00fadajov o pohybe u\u017e\u00edvate\u013eov po webov\u00fdch str\u00e1nkach spolo\u010dnosti za \u00fa\u010delom skvalitnenia u\u017e\u00edvate\u013esk\u00e9ho z\u00e1\u017eitku z\u00e1kazn\u00edkov a n\u00e1v\u0161tevn\u00edkov webov\u00fdch str\u00e1nok.\u00a0<\/span><\/li><li style=\"font-weight: 400\"><i style=\"font-family: var( --e-global-typography-text-font-family ), Sans-serif;font-size: var( --e-global-typography-text-font-size );font-weight: var( --e-global-typography-text-font-weight );text-transform: var( --e-global-typography-text-text-transform );background-color: var( --e-global-color-8f6d6b5 );text-align: var(--bs-body-text-align)\">HubSpot<\/i><span style=\"font-family: var( --e-global-typography-text-font-family ), Sans-serif;font-size: var( --e-global-typography-text-font-size );font-style: var( --e-global-typography-text-font-style );text-transform: var( --e-global-typography-text-text-transform );background-color: var( --e-global-color-8f6d6b5 );text-align: var(--bs-body-text-align)\"> &#8211; \u00fa\u010delom je zhroma\u017e\u010fovanie d\u00e1t za \u00fa\u010delom identifik\u00e1cie n\u00e1v\u0161tevn\u00edka a n\u00e1slednej personaliz\u00e1cie obsahu v komunik\u00e1ci\u00ed pod\u013ea preferenci\u00ed jednotliv\u00fdch u\u017e\u00edvate\u013eov.<\/span><\/li><\/ul>\t\t\t\t\t\t\t\t<\/div>\n\t\t\t\t<\/div>\n\t\t\t\t<div class=\"elementor-element elementor-element-dc62c04 elementor-widget elementor-widget-heading\" data-id=\"dc62c04\" data-element_type=\"widget\" data-widget_type=\"heading.default\">\n\t\t\t\t<div class=\"elementor-widget-container\">\n\t\t\t\t\t<h2 class=\"elementor-heading-title elementor-size-default\">Nastavenie cookies<\/h2>\t\t\t\t<\/div>\n\t\t\t\t<\/div>\n\t\t\t\t<div class=\"elementor-element elementor-element-56c8af3 elementor-widget elementor-widget-shortcode\" data-id=\"56c8af3\" data-element_type=\"widget\" data-widget_type=\"shortcode.default\">\n\t\t\t\t<div class=\"elementor-widget-container\">\n\t\t\t\t\t\t\t<div class=\"elementor-shortcode\">\n<div id=\"cookie-settings\" class=\"webikon-cookies-switcher js-webikon-cookies-switcher\">\n                        <div class=\"webikon-cookies-switcher__item\">\n                <label for=\"technical\" class=\"webikon-cookies-switcher__label\">Technick\u00fd<\/label>\n\n                                    <input type=\"checkbox\" id=\"technical\" class=\"webikon-cookies-switcher__input\" name=\"technical\" value=\"1\" disabled checked>\n                \n                                                    <div class=\"webikon-cookies-switcher__desc\">Nezbytn\u00e9 pro spr\u00e1vn\u00e9 fungov\u00e1n\u00ed webov\u00e9 str\u00e1nky a jej\u00edch funkc\u00ed.<\/div>\n                            <\/div>\n                                <div class=\"webikon-cookies-switcher__item\">\n                <label for=\"advertising\" class=\"webikon-cookies-switcher__label\">Reklamn\u00ed<\/label>\n\n                                    <input type=\"checkbox\" id=\"advertising\" class=\"webikon-cookies-switcher__input js-webikon-cookies-switcher-input js-webikon-cookies-switcher-advertising\" name=\"advertising\" value=\"1\" >\n                \n                                                    <div class=\"webikon-cookies-switcher__desc\">N\u00e1m a na\u0161im partner\u016fm umo\u017e\u0148uj\u00ed nab\u00edzet v\u00e1m relevantn\u00ed produkty a slu\u017eby na z\u00e1klad\u011b va\u0161ich z\u00e1jm\u016f a chov\u00e1n\u00ed na na\u0161\u00ed webov\u00e9 str\u00e1nce.<\/div>\n                            <\/div>\n                                <div class=\"webikon-cookies-switcher__item\">\n                <label for=\"analytical\" class=\"webikon-cookies-switcher__label\">Analytick\u00e1<\/label>\n\n                                    <input type=\"checkbox\" id=\"analytical\" class=\"webikon-cookies-switcher__input js-webikon-cookies-switcher-input js-webikon-cookies-switcher-analytical\" name=\"analytical\" value=\"1\" >\n                \n                                                    <div class=\"webikon-cookies-switcher__desc\">Pom\u00e1haj\u00ed n\u00e1m pochopit, jak n\u00e1v\u0161t\u011bvn\u00edci interaguj\u00ed s na\u0161\u00edm webem a umo\u017e\u0148uj\u00ed n\u00e1m vylep\u0161it u\u017eivatelsk\u00fd z\u00e1\u017eitek.<\/div>\n                            <\/div>\n                                <div class=\"webikon-cookies-switcher__item\">\n                <label for=\"personalization\" class=\"webikon-cookies-switcher__label\">Personalizace<\/label>\n\n                                    <input type=\"checkbox\" id=\"personalization\" class=\"webikon-cookies-switcher__input js-webikon-cookies-switcher-input js-webikon-cookies-switcher-personalization\" name=\"personalization\" value=\"1\" >\n                \n                                                    <div class=\"webikon-cookies-switcher__desc\">Umo\u017e\u0148uj\u00ed n\u00e1m zapamatovat si va\u0161e preference a poskytovat v\u00e1m obsah a funkce p\u0159izp\u016fsoben\u00e9 va\u0161im z\u00e1jm\u016fm.<\/div>\n                            <\/div>\n            \n    <div class=\"webikon-cookies-switcher__btn-wrapper\">\n        <button class=\"webikon-cookies-switcher__btn js-webikon-cookies-switcher-save-btn\">Ulo\u017eit moje volby<\/button>\n        <div class=\"webikon-cookies-switcher__success-notice js-webikon-cookies-switcher-success-notice\">Volby byly \u00fasp\u011b\u0161n\u011b ulo\u017eeny<\/div>\n    <\/div>\n<\/div>\n<\/div>\n\t\t\t\t\t\t<\/div>\n\t\t\t\t<\/div>\n\t\t\t\t<div class=\"elementor-element elementor-element-af2c2e4 elementor-widget elementor-widget-heading\" data-id=\"af2c2e4\" data-element_type=\"widget\" data-widget_type=\"heading.default\">\n\t\t\t\t<div class=\"elementor-widget-container\">\n\t\t\t\t\t<h2 class=\"elementor-heading-title elementor-size-default\">Cookies a E\u00da legislat\u00edva<\/h2>\t\t\t\t<\/div>\n\t\t\t\t<\/div>\n\t\t\t\t<div class=\"elementor-element elementor-element-81a8e0f elementor-widget elementor-widget-text-editor\" data-id=\"81a8e0f\" data-element_type=\"widget\" data-widget_type=\"text-editor.default\">\n\t\t\t\t<div class=\"elementor-widget-container\">\n\t\t\t\t\t\t\t\t\t<p><span style=\"font-weight: 400\">Z\u00e1kon hovor\u00ed, \u017ee m\u00f4\u017eeme uklada\u0165 s\u00fabory cookie na va\u0161om zariaden\u00ed, ak s\u00fa nevyhnutn\u00e9 pre prev\u00e1dzku t\u00fdchto str\u00e1nok (tzv. nevyhnutn\u00e9 cookies). Pri v\u0161etk\u00fdch ostatn\u00fdch typoch s\u00faborov cookies (napr. analytick\u00e9 a marketingov\u00e9 cookies) potrebujeme v\u00e1\u0161 s\u00fahlas. T\u00e1to webov\u00e1 str\u00e1nka pou\u017e\u00edva r\u00f4zne typy cookies. Niektor\u00e9 cookies s\u00fa tu umiestnen\u00e9 slu\u017ebami tret\u00edch str\u00e1n, ktor\u00e9 sa objavuj\u00fa na na\u0161ich str\u00e1nkach.<\/span><\/p>\t\t\t\t\t\t\t\t<\/div>\n\t\t\t\t<\/div>\n\t\t\t\t<div class=\"elementor-element elementor-element-6967ea8 elementor-widget elementor-widget-heading\" data-id=\"6967ea8\" data-element_type=\"widget\" data-widget_type=\"heading.default\">\n\t\t\t\t<div class=\"elementor-widget-container\">\n\t\t\t\t\t<h2 class=\"elementor-heading-title elementor-size-default\">Ako pou\u017e\u00edvame s\u00fabory cookies?<\/h2>\t\t\t\t<\/div>\n\t\t\t\t<\/div>\n\t\t\t\t<div class=\"elementor-element elementor-element-12a72df elementor-widget elementor-widget-text-editor\" data-id=\"12a72df\" data-element_type=\"widget\" data-widget_type=\"text-editor.default\">\n\t\t\t\t<div class=\"elementor-widget-container\">\n\t\t\t\t\t\t\t\t\t<p><span style=\"font-weight: 400\">T\u00e1to webov\u00e1 str\u00e1nka pou\u017e\u00edva s\u00fabory cookies na zhroma\u017e\u010fovanie anonymn\u00fdch \u0161tatistick\u00fdch inform\u00e1ci\u00ed o n\u00e1v\u0161tevn\u00edkoch, zapam\u00e4tanie si pou\u017e\u00edvate\u013esk\u00fdch nastaven\u00ed, na lep\u0161ie prisp\u00f4sobenie rekl\u00e1m z\u00e1ujmom n\u00e1v\u0161tevn\u00edkov a na jej nevyhnutn\u00fa funkcionalitu. S\u00fabory cookies sa nebud\u00fa pou\u017e\u00edva\u0165 na in\u00fd \u00fa\u010del, ako je uveden\u00fd. Udelen\u00fd s\u00fahlas s pou\u017eit\u00edm cookies m\u00f4\u017eete kedyko\u013evek zmeni\u0165 alebo odvola\u0165 na na\u0161ej webovej str\u00e1nke.<\/span><\/p>\t\t\t\t\t\t\t\t<\/div>\n\t\t\t\t<\/div>\n\t\t\t\t<div class=\"elementor-element elementor-element-433a187 elementor-widget elementor-widget-heading\" data-id=\"433a187\" data-element_type=\"widget\" data-widget_type=\"heading.default\">\n\t\t\t\t<div class=\"elementor-widget-container\">\n\t\t\t\t\t<h2 class=\"elementor-heading-title elementor-size-default\">Ako kontrolova\u0165 s\u00fabory cookies?<\/h2>\t\t\t\t<\/div>\n\t\t\t\t<\/div>\n\t\t\t\t<div class=\"elementor-element elementor-element-9bb6399 elementor-widget elementor-widget-text-editor\" data-id=\"9bb6399\" data-element_type=\"widget\" data-widget_type=\"text-editor.default\">\n\t\t\t\t<div class=\"elementor-widget-container\">\n\t\t\t\t\t\t\t\t\t<p><span style=\"font-weight: 400\">S\u00fabory cookies m\u00f4\u017eete kontrolova\u0165 a\/alebo zmaza\u0165 pod\u013ea uv\u00e1\u017eenia \u2013 podrobnosti si pozrite na str\u00e1nke <\/span><a href=\"https:\/\/aboutcookies.org\/\"><span style=\"font-weight: 400\">aboutcookies.org<\/span><\/a><span style=\"font-weight: 400\">.<\/span><span style=\"font-weight: 400\"> M\u00f4\u017eete vymaza\u0165 v\u0161etky s\u00fabory cookies ulo\u017een\u00e9 vo svojom po\u010d\u00edta\u010di a v\u00e4\u010d\u0161inu prehliada\u010dov m\u00f4\u017eete nastavi\u0165 tak, aby ste im znemo\u017enili ich ukladanie. V takomto pr\u00edpade v\u0161ak pravdepodobne budete musie\u0165 pri ka\u017edej n\u00e1v\u0161teve webovej str\u00e1nky manu\u00e1lne upravova\u0165 niektor\u00e9 nastavenia a niektor\u00e9 slu\u017eby a funkcie nebud\u00fa spr\u00e1vne alebo v\u00f4bec fungova\u0165.<\/span><\/p>\t\t\t\t\t\t\t\t<\/div>\n\t\t\t\t<\/div>\n\t\t\t\t<div class=\"elementor-element elementor-element-3ee72dc elementor-widget elementor-widget-heading\" data-id=\"3ee72dc\" data-element_type=\"widget\" data-widget_type=\"heading.default\">\n\t\t\t\t<div class=\"elementor-widget-container\">\n\t\t\t\t\t<h2 class=\"elementor-heading-title elementor-size-default\">Kontaktujte n\u00e1s\n<\/h2>\t\t\t\t<\/div>\n\t\t\t\t<\/div>\n\t\t\t\t<div class=\"elementor-element elementor-element-b650182 elementor-widget elementor-widget-text-editor\" data-id=\"b650182\" data-element_type=\"widget\" data-widget_type=\"text-editor.default\">\n\t\t\t\t<div class=\"elementor-widget-container\">\n\t\t\t\t\t\t\t\t\t<p><span style=\"font-weight: 400\">V pr\u00edpade ak\u00fdchko\u013evek ot\u00e1zok n\u00e1s nev\u00e1hajte kontaktova\u0165 na: <\/span><a href=\"mailto:gdpr@dnaera.sk\"><span style=\"font-weight: 400\">gdpr@dnaera.sk<\/span><\/a><\/p>\t\t\t\t\t\t\t\t<\/div>\n\t\t\t\t<\/div>\n\t\t\t\t\t<\/div>\n\t\t<\/div>\n\t\t\t\t\t<\/div>\n\t\t<\/section>\n\t\t\t\t<\/div>\n\t\t","protected":false},"excerpt":{"rendered":"<p>Cookies policy S\u00fabory cookies S cie\u013eom zabezpe\u010di\u0165 riadne fungovanie tejto webovej str\u00e1nky www.dnaera.com\/cs\/ (\u010falej len \u201cwebov\u00e1 str\u00e1nka\u201d) uklad\u00e1me niekedy na va\u0161om zariaden\u00ed mal\u00e9 d\u00e1tov\u00e9 s\u00fabory, tzv. cookies. \u010co s\u00fa s\u00fabory cookies? S\u00fabor cookie je mal\u00fd textov\u00fd s\u00fabor, ktor\u00fd webov\u00e1 str\u00e1nka uklad\u00e1 vo va\u0161om po\u010d\u00edta\u010di alebo mobilnom zariaden\u00ed pri jej prehliadan\u00ed. V\u010faka tomuto s\u00faboru si webov\u00e1 [&hellip;]<\/p>\n","protected":false},"author":1,"featured_media":0,"parent":0,"menu_order":0,"comment_status":"closed","ping_status":"closed","template":"","meta":{"_acf_changed":false,"content-type":"","inline_featured_image":false,"footnotes":""},"class_list":["post-1375747","page","type-page","status-publish","hentry"],"acf":[],"_links":{"self":[{"href":"https:\/\/dnaera.com\/cs\/wp-json\/wp\/v2\/pages\/1375747","targetHints":{"allow":["GET"]}}],"collection":[{"href":"https:\/\/dnaera.com\/cs\/wp-json\/wp\/v2\/pages"}],"about":[{"href":"https:\/\/dnaera.com\/cs\/wp-json\/wp\/v2\/types\/page"}],"author":[{"embeddable":true,"href":"https:\/\/dnaera.com\/cs\/wp-json\/wp\/v2\/users\/1"}],"replies":[{"embeddable":true,"href":"https:\/\/dnaera.com\/cs\/wp-json\/wp\/v2\/comments?post=1375747"}],"version-history":[{"count":5,"href":"https:\/\/dnaera.com\/cs\/wp-json\/wp\/v2\/pages\/1375747\/revisions"}],"predecessor-version":[{"id":1382373,"href":"https:\/\/dnaera.com\/cs\/wp-json\/wp\/v2\/pages\/1375747\/revisions\/1382373"}],"wp:attachment":[{"href":"https:\/\/dnaera.com\/cs\/wp-json\/wp\/v2\/media?parent=1375747"}],"curies":[{"name":"wp","href":"https:\/\/api.w.org\/{rel}","templated":true}]}}