{"id":1351310,"date":"2021-09-22T18:15:49","date_gmt":"2021-09-22T16:15:49","guid":{"rendered":"https:\/\/dnaera.com\/cs\/?page_id=1351310"},"modified":"2026-01-08T10:56:52","modified_gmt":"2026-01-08T09:56:52","slug":"kontakt","status":"publish","type":"page","link":"https:\/\/dnaera.com\/cs\/kontakt\/","title":{"rendered":"Kontakt"},"content":{"rendered":"\t\t<div data-elementor-type=\"wp-page\" data-elementor-id=\"1351310\" class=\"elementor elementor-1351310\" data-elementor-post-type=\"page\">\n\t\t\t\t\t\t<section class=\"elementor-section elementor-top-section elementor-element elementor-element-01ef919 elementor-section-boxed elementor-section-height-default elementor-section-height-default\" data-id=\"01ef919\" data-element_type=\"section\">\n\t\t\t\t\t\t<div class=\"elementor-container elementor-column-gap-default\">\n\t\t\t\t\t<div class=\"elementor-column elementor-col-100 elementor-top-column elementor-element elementor-element-c865fdd\" data-id=\"c865fdd\" data-element_type=\"column\">\n\t\t\t<div class=\"elementor-widget-wrap elementor-element-populated\">\n\t\t\t\t\t\t<div class=\"elementor-element elementor-element-754f6a6 elementor-widget elementor-widget-spacer\" data-id=\"754f6a6\" data-element_type=\"widget\" data-widget_type=\"spacer.default\">\n\t\t\t\t<div class=\"elementor-widget-container\">\n\t\t\t\t\t\t\t<div class=\"elementor-spacer\">\n\t\t\t<div class=\"elementor-spacer-inner\"><\/div>\n\t\t<\/div>\n\t\t\t\t\t\t<\/div>\n\t\t\t\t<\/div>\n\t\t\t\t\t<\/div>\n\t\t<\/div>\n\t\t\t\t\t<\/div>\n\t\t<\/section>\n\t\t\t\t<section class=\"elementor-section elementor-top-section elementor-element elementor-element-423c33f elementor-section-boxed elementor-section-height-default elementor-section-height-default\" data-id=\"423c33f\" data-element_type=\"section\">\n\t\t\t\t\t\t<div class=\"elementor-container elementor-column-gap-default\">\n\t\t\t\t\t<div class=\"elementor-column elementor-col-100 elementor-top-column elementor-element elementor-element-abe0560\" data-id=\"abe0560\" data-element_type=\"column\">\n\t\t\t<div class=\"elementor-widget-wrap elementor-element-populated\">\n\t\t\t\t\t\t<div class=\"elementor-element elementor-element-032df44 elementor-widget elementor-widget-text-editor\" data-id=\"032df44\" data-element_type=\"widget\" data-widget_type=\"text-editor.default\">\n\t\t\t\t<div class=\"elementor-widget-container\">\n\t\t\t\t\t\t\t\t\t<h1><span style=\"color: #465ac8\">Zaujali jsme v\u00e1s?\u00a0<\/span><\/h1><h2><span style=\"color: #465ac8\">Ozv\u011bte se n\u00e1m<\/span><\/h2><p><span style=\"font-weight: 400\">Pokud m\u00e1te z\u00e1jem o bli\u017e\u0161\u00ed informace ohledn\u011b na\u0161ich produkt\u016f a slu\u017eeb, kontaktujte n\u00e1s a my v\u00e1m co nejd\u0159\u00edve odpov\u00edme.<\/span><\/p><p><span style=\"font-weight: 400\">Email: <a href=\"mailto:info@dnaera.com\">info@dnaera.com<\/a><\/span><\/p><p><span style=\"font-weight: 400\">Tel.: +421 948 303 521<\/span><\/p><p><strong>DNA ERA s.r.o.<\/strong><span style=\"font-weight: 400\"><br \/><\/span><span style=\"font-weight: 400\">City Business Center I (CBC I)<\/span><span style=\"font-weight: 400\"><br \/><\/span><span style=\"font-weight: 400\">Karad\u017ei\u010dova 8\/A<\/span><span style=\"font-weight: 400\"><br \/><\/span><span style=\"font-weight: 400\">821 08 Bratislava<\/span><span style=\"font-weight: 400\"><br \/><\/span><span style=\"font-weight: 400\">Slovensk\u00e1 republika<\/span><\/p><p><a href=\"https:\/\/g.page\/DNAERA?share\"><span style=\"font-weight: 400\">Zobrazit na map\u011b<\/span><\/a><\/p>\t\t\t\t\t\t\t\t<\/div>\n\t\t\t\t<\/div>\n\t\t\t\t\t<\/div>\n\t\t<\/div>\n\t\t\t\t\t<\/div>\n\t\t<\/section>\n\t\t\t\t<section class=\"elementor-section elementor-top-section elementor-element elementor-element-a62c1de elementor-section-boxed elementor-section-height-default elementor-section-height-default\" data-id=\"a62c1de\" data-element_type=\"section\">\n\t\t\t\t\t\t<div class=\"elementor-container elementor-column-gap-default\">\n\t\t\t\t\t<div class=\"elementor-column elementor-col-100 elementor-top-column elementor-element elementor-element-c4d6906\" data-id=\"c4d6906\" data-element_type=\"column\">\n\t\t\t<div class=\"elementor-widget-wrap elementor-element-populated\">\n\t\t\t\t\t\t<div class=\"elementor-element elementor-element-90b6ab4 elementor-widget elementor-widget-spacer\" data-id=\"90b6ab4\" data-element_type=\"widget\" data-widget_type=\"spacer.default\">\n\t\t\t\t<div class=\"elementor-widget-container\">\n\t\t\t\t\t\t\t<div class=\"elementor-spacer\">\n\t\t\t<div class=\"elementor-spacer-inner\"><\/div>\n\t\t<\/div>\n\t\t\t\t\t\t<\/div>\n\t\t\t\t<\/div>\n\t\t\t\t\t<\/div>\n\t\t<\/div>\n\t\t\t\t\t<\/div>\n\t\t<\/section>\n\t\t\t\t<section class=\"elementor-section elementor-top-section elementor-element elementor-element-c25f862 elementor-section-boxed elementor-section-height-default elementor-section-height-default\" data-id=\"c25f862\" data-element_type=\"section\">\n\t\t\t\t\t\t<div class=\"elementor-container elementor-column-gap-default\">\n\t\t\t\t\t<div class=\"elementor-column elementor-col-33 elementor-top-column elementor-element elementor-element-845b162\" data-id=\"845b162\" data-element_type=\"column\">\n\t\t\t<div class=\"elementor-widget-wrap elementor-element-populated\">\n\t\t\t\t\t\t<div class=\"elementor-element elementor-element-54d30a4 elementor-widget elementor-widget-image\" data-id=\"54d30a4\" data-element_type=\"widget\" data-widget_type=\"image.default\">\n\t\t\t\t<div class=\"elementor-widget-container\">\n\t\t\t\t\t\t\t\t\t\t\t\t\t\t\t\t<a href=\"mailto:info@dnaera.com\">\n\t\t\t\t\t\t\t<img fetchpriority=\"high\" decoding=\"async\" width=\"768\" height=\"768\" src=\"https:\/\/dnaera.com\/cs\/wp-content\/uploads\/sites\/3\/2025\/09\/HLB-testy_poukazky_UNI-768x768.png\" class=\"attachment-medium_large size-medium_large wp-image-1383023\" alt=\"\" srcset=\"https:\/\/dnaera.com\/cs\/wp-content\/uploads\/sites\/3\/2025\/09\/HLB-testy_poukazky_UNI-768x768.png 768w, https:\/\/dnaera.com\/cs\/wp-content\/uploads\/sites\/3\/2025\/09\/HLB-testy_poukazky_UNI-300x300.png 300w, https:\/\/dnaera.com\/cs\/wp-content\/uploads\/sites\/3\/2025\/09\/HLB-testy_poukazky_UNI-150x150.png 150w, https:\/\/dnaera.com\/cs\/wp-content\/uploads\/sites\/3\/2025\/09\/HLB-testy_poukazky_UNI-600x600.png 600w, https:\/\/dnaera.com\/cs\/wp-content\/uploads\/sites\/3\/2025\/09\/HLB-testy_poukazky_UNI-100x100.png 100w, https:\/\/dnaera.com\/cs\/wp-content\/uploads\/sites\/3\/2025\/09\/HLB-testy_poukazky_UNI.png 800w\" sizes=\"(max-width: 768px) 100vw, 768px\" \/>\t\t\t\t\t\t\t\t<\/a>\n\t\t\t\t\t\t\t\t\t\t\t\t\t\t\t<\/div>\n\t\t\t\t<\/div>\n\t\t\t\t\t<\/div>\n\t\t<\/div>\n\t\t\t\t<div class=\"elementor-column elementor-col-66 elementor-top-column elementor-element elementor-element-3212483\" data-id=\"3212483\" data-element_type=\"column\">\n\t\t\t<div class=\"elementor-widget-wrap elementor-element-populated\">\n\t\t\t\t\t\t<div class=\"elementor-element elementor-element-7b39bb5 elementor-widget elementor-widget-text-editor\" data-id=\"7b39bb5\" data-element_type=\"widget\" data-widget_type=\"text-editor.default\">\n\t\t\t\t<div class=\"elementor-widget-container\">\n\t\t\t\t\t\t\t\t\t<h3><strong>M\u00e1te d\u00e1rkov\u00fd poukaz na testy DNA Health, Lifestyle a Beauty?<\/strong><\/h3><p>D\u00e1rkov\u00fd poukaz na tyto testy DNA m\u016f\u017eete uplatnit, i kdy\u017e testy u\u017e nejsou v prodeji. Pozor, pouk\u00e1zka plat\u00ed pouze 12 m\u011bs\u00edc\u016f od zakoupen\u00ed a tyto DNA testy tak budou k dispozici pouze do 30. 6. 2026.<\/p><p>Napi\u0161te n\u00e1m na <strong><a href=\"mailto:info@dnaera.com\">info@dnaera.com<\/a><\/strong> a n\u00e1\u0161 t\u00fdm z\u00e1kaznick\u00e9ho servisu v\u00e1s bude kontaktovat s dal\u0161\u00edmi pokyny.<\/p>\t\t\t\t\t\t\t\t<\/div>\n\t\t\t\t<\/div>\n\t\t\t\t\t<\/div>\n\t\t<\/div>\n\t\t\t\t\t<\/div>\n\t\t<\/section>\n\t\t\t\t<section class=\"elementor-section elementor-top-section elementor-element elementor-element-4e13eb3 elementor-hidden-desktop elementor-hidden-tablet elementor-hidden-mobile elementor-section-boxed elementor-section-height-default elementor-section-height-default\" data-id=\"4e13eb3\" data-element_type=\"section\" data-settings=\"{&quot;background_background&quot;:&quot;classic&quot;}\">\n\t\t\t\t\t\t<div class=\"elementor-container elementor-column-gap-default\">\n\t\t\t\t\t<div class=\"elementor-column elementor-col-100 elementor-top-column elementor-element elementor-element-0157e99\" data-id=\"0157e99\" data-element_type=\"column\" data-settings=\"{&quot;background_background&quot;:&quot;classic&quot;}\">\n\t\t\t<div class=\"elementor-widget-wrap elementor-element-populated\">\n\t\t\t\t\t\t\t<\/div>\n\t\t<\/div>\n\t\t\t\t\t<\/div>\n\t\t<\/section>\n\t\t\t\t<section class=\"elementor-section elementor-top-section elementor-element elementor-element-78c71a3 elementor-section-boxed elementor-section-height-default elementor-section-height-default\" data-id=\"78c71a3\" data-element_type=\"section\">\n\t\t\t\t\t\t<div class=\"elementor-container elementor-column-gap-default\">\n\t\t\t\t\t<div class=\"elementor-column elementor-col-100 elementor-top-column elementor-element elementor-element-a4c7d85\" data-id=\"a4c7d85\" data-element_type=\"column\">\n\t\t\t<div class=\"elementor-widget-wrap elementor-element-populated\">\n\t\t\t\t\t\t<div class=\"elementor-element elementor-element-8912dfb elementor-widget elementor-widget-spacer\" data-id=\"8912dfb\" data-element_type=\"widget\" data-widget_type=\"spacer.default\">\n\t\t\t\t<div class=\"elementor-widget-container\">\n\t\t\t\t\t\t\t<div class=\"elementor-spacer\">\n\t\t\t<div class=\"elementor-spacer-inner\"><\/div>\n\t\t<\/div>\n\t\t\t\t\t\t<\/div>\n\t\t\t\t<\/div>\n\t\t\t\t\t<\/div>\n\t\t<\/div>\n\t\t\t\t\t<\/div>\n\t\t<\/section>\n\t\t\t\t<\/div>\n\t\t","protected":false},"excerpt":{"rendered":"<p>Zaujali jsme v\u00e1s?\u00a0 Ozv\u011bte se n\u00e1m Pokud m\u00e1te z\u00e1jem o bli\u017e\u0161\u00ed informace ohledn\u011b na\u0161ich produkt\u016f a slu\u017eeb, kontaktujte n\u00e1s a my v\u00e1m co nejd\u0159\u00edve odpov\u00edme. Email: info@dnaera.com Tel.: +421 948 303 521 DNA ERA s.r.o.City Business Center I (CBC I)Karad\u017ei\u010dova 8\/A821 08 BratislavaSlovensk\u00e1 republika Zobrazit na map\u011b M\u00e1te d\u00e1rkov\u00fd poukaz na testy DNA Health, Lifestyle [&hellip;]<\/p>\n","protected":false},"author":1,"featured_media":1383532,"parent":0,"menu_order":0,"comment_status":"closed","ping_status":"closed","template":"","meta":{"_acf_changed":false,"content-type":"","inline_featured_image":false,"footnotes":""},"class_list":["post-1351310","page","type-page","status-publish","has-post-thumbnail","hentry"],"acf":[],"_links":{"self":[{"href":"https:\/\/dnaera.com\/cs\/wp-json\/wp\/v2\/pages\/1351310","targetHints":{"allow":["GET"]}}],"collection":[{"href":"https:\/\/dnaera.com\/cs\/wp-json\/wp\/v2\/pages"}],"about":[{"href":"https:\/\/dnaera.com\/cs\/wp-json\/wp\/v2\/types\/page"}],"author":[{"embeddable":true,"href":"https:\/\/dnaera.com\/cs\/wp-json\/wp\/v2\/users\/1"}],"replies":[{"embeddable":true,"href":"https:\/\/dnaera.com\/cs\/wp-json\/wp\/v2\/comments?post=1351310"}],"version-history":[{"count":5,"href":"https:\/\/dnaera.com\/cs\/wp-json\/wp\/v2\/pages\/1351310\/revisions"}],"predecessor-version":[{"id":1383622,"href":"https:\/\/dnaera.com\/cs\/wp-json\/wp\/v2\/pages\/1351310\/revisions\/1383622"}],"wp:featuredmedia":[{"embeddable":true,"href":"https:\/\/dnaera.com\/cs\/wp-json\/wp\/v2\/media\/1383532"}],"wp:attachment":[{"href":"https:\/\/dnaera.com\/cs\/wp-json\/wp\/v2\/media?parent=1351310"}],"curies":[{"name":"wp","href":"https:\/\/api.w.org\/{rel}","templated":true}]}}